{"id":1745,"date":"2022-04-12T15:30:54","date_gmt":"2022-04-12T15:30:54","guid":{"rendered":"http:\/\/amorensintonia.es\/index.php\/sobre-mi-claudia\/"},"modified":"2023-06-02T14:32:39","modified_gmt":"2023-06-02T14:32:39","slug":"sobre-mi","status":"publish","type":"page","link":"https:\/\/amorensintonia.es\/index.php\/sobre-mi\/","title":{"rendered":"Sobre mi Claudia"},"content":{"rendered":"\t\t<div data-elementor-type=\"wp-page\" data-elementor-id=\"1745\" class=\"elementor elementor-1745\" data-elementor-settings=\"[]\">\n\t\t\t\t\t\t\t<div class=\"elementor-section-wrap\">\n\t\t\t\t\t\t\t<section class=\"elementor-section elementor-top-section elementor-element elementor-element-77af477 elementor-section-boxed elementor-section-height-default elementor-section-height-default\" data-id=\"77af477\" data-element_type=\"section\">\n\t\t\t\t\t\t<div class=\"elementor-container elementor-column-gap-default\">\n\t\t\t\t\t<div class=\"elementor-column elementor-col-100 elementor-top-column elementor-element elementor-element-f3db8a7\" data-id=\"f3db8a7\" data-element_type=\"column\">\n\t\t\t<div class=\"elementor-widget-wrap elementor-element-populated\">\n\t\t\t\t\t\t\t\t<div class=\"elementor-element elementor-element-06cb8e2 elementor-widget elementor-widget-image\" data-id=\"06cb8e2\" data-element_type=\"widget\" data-widget_type=\"image.default\">\n\t\t\t\t<div class=\"elementor-widget-container\">\n\t\t\t<style>\/*! elementor - v3.5.6 - 28-02-2022 *\/\n.elementor-widget-image{text-align:center}.elementor-widget-image a{display:inline-block}.elementor-widget-image a img[src$=\".svg\"]{width:48px}.elementor-widget-image img{vertical-align:middle;display:inline-block}<\/style>\t\t\t\t\t\t\t\t\t\t\t\t<img loading=\"lazy\" decoding=\"async\" width=\"501\" height=\"498\" src=\"https:\/\/amorensintonia.es\/wp-content\/uploads\/2022\/06\/IMG_1515-removebg-preview.png\" class=\"attachment-large size-large\" alt=\"\" srcset=\"https:\/\/amorensintonia.es\/wp-content\/uploads\/2022\/06\/IMG_1515-removebg-preview.png 501w, https:\/\/amorensintonia.es\/wp-content\/uploads\/2022\/06\/IMG_1515-removebg-preview-300x298.png 300w, https:\/\/amorensintonia.es\/wp-content\/uploads\/2022\/06\/IMG_1515-removebg-preview-150x150.png 150w\" sizes=\"auto, (max-width: 501px) 100vw, 501px\" \/>\t\t\t\t\t\t\t\t\t\t\t\t\t\t\t<\/div>\n\t\t\t\t<\/div>\n\t\t\t\t\t<\/div>\n\t\t<\/div>\n\t\t\t\t\t\t\t<\/div>\n\t\t<\/section>\n\t\t\t\t<section class=\"elementor-section elementor-top-section elementor-element elementor-element-260795aa elementor-section-full_width elementor-section-height-min-height elementor-section-items-stretch elementor-section-height-default\" data-id=\"260795aa\" data-element_type=\"section\" data-settings=\"{&quot;background_background&quot;:&quot;classic&quot;}\">\n\t\t\t\t\t\t<div class=\"elementor-container elementor-column-gap-default\">\n\t\t\t\t\t<div class=\"elementor-column elementor-col-50 elementor-top-column elementor-element elementor-element-1cf4ff87\" data-id=\"1cf4ff87\" data-element_type=\"column\">\n\t\t\t<div class=\"elementor-widget-wrap elementor-element-populated\">\n\t\t\t\t\t\t\t\t<section class=\"elementor-section elementor-inner-section elementor-element elementor-element-7e2cf292 elementor-section-boxed elementor-section-height-default elementor-section-height-default\" data-id=\"7e2cf292\" data-element_type=\"section\">\n\t\t\t\t\t\t<div class=\"elementor-container elementor-column-gap-default\">\n\t\t\t\t\t<div class=\"elementor-column elementor-col-100 elementor-inner-column elementor-element elementor-element-15755187\" data-id=\"15755187\" data-element_type=\"column\">\n\t\t\t<div class=\"elementor-widget-wrap elementor-element-populated\">\n\t\t\t\t\t\t\t\t<div class=\"elementor-element elementor-element-7c2eac69 elementor-invisible elementor-widget elementor-widget-heading\" data-id=\"7c2eac69\" data-element_type=\"widget\" data-settings=\"{&quot;_animation&quot;:&quot;fadeIn&quot;,&quot;_animation_delay&quot;:100}\" data-widget_type=\"heading.default\">\n\t\t\t\t<div class=\"elementor-widget-container\">\n\t\t\t<style>\/*! elementor - v3.5.6 - 28-02-2022 *\/\n.elementor-heading-title{padding:0;margin:0;line-height:1}.elementor-widget-heading .elementor-heading-title[class*=elementor-size-]>a{color:inherit;font-size:inherit;line-height:inherit}.elementor-widget-heading .elementor-heading-title.elementor-size-small{font-size:15px}.elementor-widget-heading .elementor-heading-title.elementor-size-medium{font-size:19px}.elementor-widget-heading .elementor-heading-title.elementor-size-large{font-size:29px}.elementor-widget-heading .elementor-heading-title.elementor-size-xl{font-size:39px}.elementor-widget-heading .elementor-heading-title.elementor-size-xxl{font-size:59px}<\/style><h1 class=\"elementor-heading-title elementor-size-default\">No concibo una vida sin libertad...\n<\/h1>\t\t<\/div>\n\t\t\t\t<\/div>\n\t\t\t\t<div class=\"elementor-element elementor-element-696fd9f8 elementor-invisible elementor-widget elementor-widget-text-editor\" data-id=\"696fd9f8\" data-element_type=\"widget\" data-settings=\"{&quot;_animation&quot;:&quot;fadeIn&quot;,&quot;_animation_delay&quot;:200}\" data-widget_type=\"text-editor.default\">\n\t\t\t\t<div class=\"elementor-widget-container\">\n\t\t\t<style>\/*! elementor - v3.5.6 - 28-02-2022 *\/\n.elementor-widget-text-editor.elementor-drop-cap-view-stacked .elementor-drop-cap{background-color:#818a91;color:#fff}.elementor-widget-text-editor.elementor-drop-cap-view-framed .elementor-drop-cap{color:#818a91;border:3px solid;background-color:transparent}.elementor-widget-text-editor:not(.elementor-drop-cap-view-default) .elementor-drop-cap{margin-top:8px}.elementor-widget-text-editor:not(.elementor-drop-cap-view-default) .elementor-drop-cap-letter{width:1em;height:1em}.elementor-widget-text-editor .elementor-drop-cap{float:left;text-align:center;line-height:1;font-size:50px}.elementor-widget-text-editor .elementor-drop-cap-letter{display:inline-block}<\/style>\t\t\t\t<p>Para mi es fundamental sentirme libre disfrutando de la naturaleza, de mis aficiones como el deporte al aire libre, los d\u00edas de sol disfrutando de buenas vistas , visitando nuevos lugares , sintiendo\u00a0 el aire , el viento, el sonido del mar que por cierto puedo verlo todos los dias y me da una tranquilidad y paz que no cambio por nada. Confieso que no me gustan los d\u00edas grises y lluviosos, los disfruto cuando el plan es quedarse en casa en modo relax.<\/p><p>\u00a0<\/p>\t\t\t\t\t\t<\/div>\n\t\t\t\t<\/div>\n\t\t\t\t\t<\/div>\n\t\t<\/div>\n\t\t\t\t\t\t\t<\/div>\n\t\t<\/section>\n\t\t\t\t\t<\/div>\n\t\t<\/div>\n\t\t\t\t<div class=\"elementor-column elementor-col-50 elementor-top-column elementor-element elementor-element-72495145\" data-id=\"72495145\" data-element_type=\"column\" data-settings=\"{&quot;background_background&quot;:&quot;classic&quot;}\">\n\t\t\t<div class=\"elementor-widget-wrap\">\n\t\t\t\t\t\t\t\t\t<\/div>\n\t\t<\/div>\n\t\t\t\t\t\t\t<\/div>\n\t\t<\/section>\n\t\t\t\t<section class=\"elementor-section elementor-top-section elementor-element elementor-element-50407f8 elementor-section-boxed elementor-section-height-default elementor-section-height-default\" data-id=\"50407f8\" data-element_type=\"section\" data-settings=\"{&quot;background_background&quot;:&quot;classic&quot;}\">\n\t\t\t\t\t\t<div class=\"elementor-container elementor-column-gap-default\">\n\t\t\t\t\t<div class=\"elementor-column elementor-col-100 elementor-top-column elementor-element elementor-element-189c9e98 elementor-invisible\" data-id=\"189c9e98\" data-element_type=\"column\" data-settings=\"{&quot;animation&quot;:&quot;fadeIn&quot;,&quot;animation_delay&quot;:300}\">\n\t\t\t<div class=\"elementor-widget-wrap elementor-element-populated\">\n\t\t\t\t\t\t\t\t<div class=\"elementor-element elementor-element-99aa46d elementor-widget elementor-widget-image\" data-id=\"99aa46d\" data-element_type=\"widget\" data-widget_type=\"image.default\">\n\t\t\t\t<div class=\"elementor-widget-container\">\n\t\t\t\t\t\t\t\t\t\t\t\t\t\t\t<img loading=\"lazy\" decoding=\"async\" width=\"729\" height=\"1024\" src=\"https:\/\/amorensintonia.es\/wp-content\/uploads\/2022\/06\/Elm.Murcia_AMORENSINTONIA-16-729x1024.jpg\" class=\"attachment-large size-large\" alt=\"\" srcset=\"https:\/\/amorensintonia.es\/wp-content\/uploads\/2022\/06\/Elm.Murcia_AMORENSINTONIA-16-729x1024.jpg 729w, https:\/\/amorensintonia.es\/wp-content\/uploads\/2022\/06\/Elm.Murcia_AMORENSINTONIA-16-214x300.jpg 214w, https:\/\/amorensintonia.es\/wp-content\/uploads\/2022\/06\/Elm.Murcia_AMORENSINTONIA-16-768x1079.jpg 768w, https:\/\/amorensintonia.es\/wp-content\/uploads\/2022\/06\/Elm.Murcia_AMORENSINTONIA-16-1093x1536.jpg 1093w, https:\/\/amorensintonia.es\/wp-content\/uploads\/2022\/06\/Elm.Murcia_AMORENSINTONIA-16-1458x2048.jpg 1458w, https:\/\/amorensintonia.es\/wp-content\/uploads\/2022\/06\/Elm.Murcia_AMORENSINTONIA-16-scaled.jpg 1822w\" sizes=\"auto, (max-width: 729px) 100vw, 729px\" \/>\t\t\t\t\t\t\t\t\t\t\t\t\t\t\t<\/div>\n\t\t\t\t<\/div>\n\t\t\t\t\t<\/div>\n\t\t<\/div>\n\t\t\t\t<div class=\"elementor-column elementor-col-100 elementor-top-column elementor-element elementor-element-72f6f7da\" data-id=\"72f6f7da\" data-element_type=\"column\">\n\t\t\t<div class=\"elementor-widget-wrap elementor-element-populated\">\n\t\t\t\t\t\t\t\t<div class=\"elementor-element elementor-element-58b24aaa elementor-invisible elementor-widget elementor-widget-heading\" data-id=\"58b24aaa\" data-element_type=\"widget\" data-settings=\"{&quot;_animation&quot;:&quot;fadeIn&quot;,&quot;_animation_delay&quot;:100}\" data-widget_type=\"heading.default\">\n\t\t\t\t<div class=\"elementor-widget-container\">\n\t\t\t<h2 class=\"elementor-heading-title elementor-size-default\">Estos son los valores m\u00e1s importantes en mi vida...\n\n<\/h2>\t\t<\/div>\n\t\t\t\t<\/div>\n\t\t\t\t<div class=\"elementor-element elementor-element-8e1d169 elementor-invisible elementor-widget elementor-widget-text-editor\" data-id=\"8e1d169\" data-element_type=\"widget\" data-settings=\"{&quot;_animation&quot;:&quot;fadeIn&quot;,&quot;_animation_delay&quot;:200}\" data-widget_type=\"text-editor.default\">\n\t\t\t\t<div class=\"elementor-widget-container\">\n\t\t\t\t\t\t\t<p><span style=\"font-style: inherit; font-weight: inherit; letter-spacing: 0.2px;\">Mi familia es lo m\u00e1s importante y forma parte de lo que soy ahora, cada uno me aporta lo que necesito para seguir creando mi camino. Por eso la confianza, la lealtad, la humildad , la sencillez, la bondad, la generosidad , tenacidad , nobleza , la honradez ,la sinceridad, el compromiso, el orden y el equilibrio son valores y cualidades que no son negociables en mi vida.\u00a0<\/span><\/p><p>Dicen de m\u00ed las personas que me conocen que soy luchadora, constante, inquieta intelectual, alegre, sensible , una amiga leal, con car\u00e1cter, buena persona y con capacidad de escucha activa.\u00a0<\/p>\t\t\t\t\t\t<\/div>\n\t\t\t\t<\/div>\n\t\t\t\t\t<\/div>\n\t\t<\/div>\n\t\t\t\t\t\t\t<\/div>\n\t\t<\/section>\n\t\t\t\t<section class=\"elementor-section elementor-top-section elementor-element elementor-element-b3b116c elementor-section-boxed elementor-section-height-default elementor-section-height-default\" data-id=\"b3b116c\" data-element_type=\"section\">\n\t\t\t\t\t\t<div class=\"elementor-container elementor-column-gap-default\">\n\t\t\t\t\t<div class=\"elementor-column elementor-col-100 elementor-top-column elementor-element elementor-element-0ecaabc\" data-id=\"0ecaabc\" data-element_type=\"column\">\n\t\t\t<div class=\"elementor-widget-wrap\">\n\t\t\t\t\t\t\t\t\t<\/div>\n\t\t<\/div>\n\t\t\t\t\t\t\t<\/div>\n\t\t<\/section>\n\t\t\t\t<section class=\"elementor-section elementor-top-section elementor-element elementor-element-7937d4db elementor-section-height-min-height elementor-section-items-stretch elementor-section-boxed elementor-section-height-default\" data-id=\"7937d4db\" data-element_type=\"section\" data-settings=\"{&quot;background_background&quot;:&quot;video&quot;,&quot;background_video_link&quot;:&quot;https:\\\/\\\/www.youtube.com\\\/watch?v=AwHJNrEq5lk&quot;}\">\n\t\t\t\t\t\t\t\t<div class=\"elementor-background-video-container elementor-hidden-phone\">\n\t\t\t\t\t\t\t\t\t\t\t\t\t<div class=\"elementor-background-video-embed\"><\/div>\n\t\t\t\t\t\t\t\t\t\t\t\t<\/div>\n\t\t\t\t\t\t\t\t\t<div class=\"elementor-background-overlay\"><\/div>\n\t\t\t\t\t\t\t<div class=\"elementor-container elementor-column-gap-default\">\n\t\t\t\t\t<div class=\"elementor-column elementor-col-50 elementor-top-column elementor-element elementor-element-717000b9\" data-id=\"717000b9\" data-element_type=\"column\">\n\t\t\t<div class=\"elementor-widget-wrap elementor-element-populated\">\n\t\t\t\t\t\t\t\t<div class=\"elementor-element elementor-element-d8f568e elementor-widget elementor-widget-image\" data-id=\"d8f568e\" data-element_type=\"widget\" data-widget_type=\"image.default\">\n\t\t\t\t<div class=\"elementor-widget-container\">\n\t\t\t\t\t\t\t\t\t\t\t\t\t\t\t<img loading=\"lazy\" decoding=\"async\" width=\"683\" height=\"1024\" src=\"https:\/\/amorensintonia.es\/wp-content\/uploads\/2022\/06\/Elm.Murcia_AMORENSINTONIA-15-683x1024.jpg\" class=\"attachment-large size-large\" alt=\"\" srcset=\"https:\/\/amorensintonia.es\/wp-content\/uploads\/2022\/06\/Elm.Murcia_AMORENSINTONIA-15-683x1024.jpg 683w, https:\/\/amorensintonia.es\/wp-content\/uploads\/2022\/06\/Elm.Murcia_AMORENSINTONIA-15-200x300.jpg 200w, https:\/\/amorensintonia.es\/wp-content\/uploads\/2022\/06\/Elm.Murcia_AMORENSINTONIA-15-768x1152.jpg 768w, https:\/\/amorensintonia.es\/wp-content\/uploads\/2022\/06\/Elm.Murcia_AMORENSINTONIA-15-1024x1536.jpg 1024w, https:\/\/amorensintonia.es\/wp-content\/uploads\/2022\/06\/Elm.Murcia_AMORENSINTONIA-15-1365x2048.jpg 1365w, https:\/\/amorensintonia.es\/wp-content\/uploads\/2022\/06\/Elm.Murcia_AMORENSINTONIA-15-scaled.jpg 1707w\" sizes=\"auto, (max-width: 683px) 100vw, 683px\" \/>\t\t\t\t\t\t\t\t\t\t\t\t\t\t\t<\/div>\n\t\t\t\t<\/div>\n\t\t\t\t\t<\/div>\n\t\t<\/div>\n\t\t\t\t<div class=\"elementor-column elementor-col-50 elementor-top-column elementor-element elementor-element-1c61e01c\" data-id=\"1c61e01c\" data-element_type=\"column\">\n\t\t\t<div class=\"elementor-widget-wrap elementor-element-populated\">\n\t\t\t\t\t\t\t\t<section class=\"elementor-section elementor-inner-section elementor-element elementor-element-3c235eeb elementor-section-full_width elementor-section-height-default elementor-section-height-default\" data-id=\"3c235eeb\" data-element_type=\"section\">\n\t\t\t\t\t\t<div class=\"elementor-container elementor-column-gap-default\">\n\t\t\t\t\t<div class=\"elementor-column elementor-col-100 elementor-inner-column elementor-element elementor-element-7c47c6c1\" data-id=\"7c47c6c1\" data-element_type=\"column\" data-settings=\"{&quot;background_background&quot;:&quot;classic&quot;}\">\n\t\t\t<div class=\"elementor-widget-wrap elementor-element-populated\">\n\t\t\t\t\t\t\t\t<div class=\"elementor-element elementor-element-4ba4d936 elementor-widget-divider--view-line elementor-widget elementor-widget-divider\" data-id=\"4ba4d936\" data-element_type=\"widget\" data-widget_type=\"divider.default\">\n\t\t\t\t<div class=\"elementor-widget-container\">\n\t\t\t<style>\/*! elementor - v3.5.6 - 28-02-2022 *\/\n.elementor-widget-divider{--divider-border-style:none;--divider-border-width:1px;--divider-color:#2c2c2c;--divider-icon-size:20px;--divider-element-spacing:10px;--divider-pattern-height:24px;--divider-pattern-size:20px;--divider-pattern-url:none;--divider-pattern-repeat:repeat-x}.elementor-widget-divider .elementor-divider{display:-webkit-box;display:-ms-flexbox;display:flex}.elementor-widget-divider .elementor-divider__text{font-size:15px;line-height:1;max-width:95%}.elementor-widget-divider .elementor-divider__element{margin:0 var(--divider-element-spacing);-ms-flex-negative:0;flex-shrink:0}.elementor-widget-divider .elementor-icon{font-size:var(--divider-icon-size)}.elementor-widget-divider .elementor-divider-separator{display:-webkit-box;display:-ms-flexbox;display:flex;margin:0;direction:ltr}.elementor-widget-divider--view-line_icon .elementor-divider-separator,.elementor-widget-divider--view-line_text .elementor-divider-separator{-webkit-box-align:center;-ms-flex-align:center;align-items:center}.elementor-widget-divider--view-line_icon .elementor-divider-separator:after,.elementor-widget-divider--view-line_icon .elementor-divider-separator:before,.elementor-widget-divider--view-line_text .elementor-divider-separator:after,.elementor-widget-divider--view-line_text .elementor-divider-separator:before{display:block;content:\"\";border-bottom:0;-webkit-box-flex:1;-ms-flex-positive:1;flex-grow:1;border-top:var(--divider-border-width) var(--divider-border-style) var(--divider-color)}.elementor-widget-divider--element-align-left .elementor-divider .elementor-divider-separator>.elementor-divider__svg:first-of-type{-webkit-box-flex:0;-ms-flex-positive:0;flex-grow:0;-ms-flex-negative:100;flex-shrink:100}.elementor-widget-divider--element-align-left .elementor-divider-separator:before{content:none}.elementor-widget-divider--element-align-left .elementor-divider__element{margin-left:0}.elementor-widget-divider--element-align-right .elementor-divider .elementor-divider-separator>.elementor-divider__svg:last-of-type{-webkit-box-flex:0;-ms-flex-positive:0;flex-grow:0;-ms-flex-negative:100;flex-shrink:100}.elementor-widget-divider--element-align-right .elementor-divider-separator:after{content:none}.elementor-widget-divider--element-align-right .elementor-divider__element{margin-right:0}.elementor-widget-divider:not(.elementor-widget-divider--view-line_text):not(.elementor-widget-divider--view-line_icon) .elementor-divider-separator{border-top:var(--divider-border-width) var(--divider-border-style) var(--divider-color)}.elementor-widget-divider--separator-type-pattern{--divider-border-style:none}.elementor-widget-divider--separator-type-pattern.elementor-widget-divider--view-line .elementor-divider-separator,.elementor-widget-divider--separator-type-pattern:not(.elementor-widget-divider--view-line) .elementor-divider-separator:after,.elementor-widget-divider--separator-type-pattern:not(.elementor-widget-divider--view-line) .elementor-divider-separator:before,.elementor-widget-divider--separator-type-pattern:not([class*=elementor-widget-divider--view]) .elementor-divider-separator{width:100%;min-height:var(--divider-pattern-height);-webkit-mask-size:var(--divider-pattern-size) 100%;mask-size:var(--divider-pattern-size) 100%;-webkit-mask-repeat:var(--divider-pattern-repeat);mask-repeat:var(--divider-pattern-repeat);background-color:var(--divider-color);-webkit-mask-image:var(--divider-pattern-url);mask-image:var(--divider-pattern-url)}.elementor-widget-divider--no-spacing{--divider-pattern-size:auto}.elementor-widget-divider--bg-round{--divider-pattern-repeat:round}.rtl .elementor-widget-divider .elementor-divider__text{direction:rtl}<\/style>\t\t<div class=\"elementor-divider\">\n\t\t\t<span class=\"elementor-divider-separator\">\n\t\t\t\t\t\t<\/span>\n\t\t<\/div>\n\t\t\t\t<\/div>\n\t\t\t\t<\/div>\n\t\t\t\t<div class=\"elementor-element elementor-element-256a58c7 elementor-invisible elementor-widget elementor-widget-heading\" data-id=\"256a58c7\" data-element_type=\"widget\" data-settings=\"{&quot;_animation&quot;:&quot;fadeIn&quot;,&quot;_animation_delay&quot;:100}\" data-widget_type=\"heading.default\">\n\t\t\t\t<div class=\"elementor-widget-container\">\n\t\t\t<h1 class=\"elementor-heading-title elementor-size-default\">Mi Historia\n<\/h1>\t\t<\/div>\n\t\t\t\t<\/div>\n\t\t\t\t<div class=\"elementor-element elementor-element-158f3981 elementor-invisible elementor-widget elementor-widget-text-editor\" data-id=\"158f3981\" data-element_type=\"widget\" data-settings=\"{&quot;_animation&quot;:&quot;fadeIn&quot;,&quot;_animation_delay&quot;:200}\" data-widget_type=\"text-editor.default\">\n\t\t\t\t<div class=\"elementor-widget-container\">\n\t\t\t\t\t\t\t<p>Desde peque\u00f1a siempre\u00a0 he sido muy sociable, llevo innato en mi por legado familiar ayudar a las personas,\u00a0 por eso no es casualidad la elecci\u00f3n de mis estudios enfocados al mundo social y de familias.<\/p><p>Esos mismos patrones incidieron en ciertos momentos perder mi esencia adapt\u00e1ndome a la otra persona en mis relaciones sentimentales y sentir miedo al abandono y la soledad. Surg\u00edan entonces conflictos internos y externos que afectaban mi bienestar muchas veces sin saber de donde ven\u00edan , por que aparec\u00edan y lo mas importante como hacia para acabar con esas situaciones, como lo trabajaba a nivel personal, por que realmente me estaba afectando y en ocasiones me causaba mucho dolor. Tampoco entend\u00eda otras formas de comunicarme.\u00a0\u00a0<\/p><p>Pero yo que he sido siempre independiente y luchadora pensaba que sola pod\u00eda conseguirlo hasta que algo en mi hizo cambiar el rumbo de mi vida\u2026<\/p><p>Es entonces cuando comienzo la b\u00fasqueda de respuestas a trav\u00e9s de libros de autoayuda, de videos, de art\u00edculos, de formaciones y de pedir ayuda a profesionales esperando encontrar la luz, a algunos libros les agradezco la conexi\u00f3n que causaron en mi y en algunos profesionales encontr\u00e9 alguna de las respuestas que buscaba aunque siempre me ha acompa\u00f1ado mi intuici\u00f3n, esa voz que nos dice lo que tenemos que hacer , pero no sabemos como verdad?.<\/p><p>Todo lo que me hab\u00eda pasado, lo que hab\u00eda le\u00eddo, estudiado, la experiencia ayudando a las personas\u00a0 y la conexi\u00f3n con el mundo sist\u00e9mico hicieron posible que pudiera construir mi propio proyecto de AMOR EN SINTON\u00cdA ayudando a mujeres y parejas con una metodolog\u00eda basada en mi propia experiencia personal y\u00a0 los conocimientos adquiridos trabajando en 4 pilares fundamentales.<\/p>\t\t\t\t\t\t<\/div>\n\t\t\t\t<\/div>\n\t\t\t\t\t<\/div>\n\t\t<\/div>\n\t\t\t\t\t\t\t<\/div>\n\t\t<\/section>\n\t\t\t\t\t<\/div>\n\t\t<\/div>\n\t\t\t\t\t\t\t<\/div>\n\t\t<\/section>\n\t\t\t\t\t\t<\/div>\n\t\t\t\t\t<\/div>\n\t\t","protected":false},"excerpt":{"rendered":"<p>No concibo una vida sin libertad&#8230; Para mi es fundamental sentirme libre disfrutando de la naturaleza, de mis aficiones como el deporte al aire libre, los d\u00edas de sol disfrutando de buenas vistas , visitando nuevos lugares , sintiendo\u00a0 el aire , el viento, el sonido del mar que por cierto puedo verlo todos los &hellip;<\/p>\n<p class=\"read-more\"> <a class=\"\" href=\"https:\/\/amorensintonia.es\/index.php\/sobre-mi\/\"> <span class=\"screen-reader-text\">Sobre mi Claudia<\/span> Leer m\u00e1s &raquo;<\/a><\/p>\n","protected":false},"author":1,"featured_media":0,"parent":0,"menu_order":0,"comment_status":"closed","ping_status":"closed","template":"elementor_canvas","meta":{"site-sidebar-layout":"no-sidebar","site-content-layout":"page-builder","ast-main-header-display":"","ast-hfb-above-header-display":"","ast-hfb-below-header-display":"","ast-hfb-mobile-header-display":"","site-post-title":"disabled","ast-breadcrumbs-content":"","ast-featured-img":"disabled","footer-sml-layout":"","theme-transparent-header-meta":"","adv-header-id-meta":"","stick-header-meta":"","header-above-stick-meta":"","header-main-stick-meta":"","header-below-stick-meta":"","footnotes":""},"class_list":["post-1745","page","type-page","status-publish","hentry"],"_links":{"self":[{"href":"https:\/\/amorensintonia.es\/index.php\/wp-json\/wp\/v2\/pages\/1745","targetHints":{"allow":["GET"]}}],"collection":[{"href":"https:\/\/amorensintonia.es\/index.php\/wp-json\/wp\/v2\/pages"}],"about":[{"href":"https:\/\/amorensintonia.es\/index.php\/wp-json\/wp\/v2\/types\/page"}],"author":[{"embeddable":true,"href":"https:\/\/amorensintonia.es\/index.php\/wp-json\/wp\/v2\/users\/1"}],"replies":[{"embeddable":true,"href":"https:\/\/amorensintonia.es\/index.php\/wp-json\/wp\/v2\/comments?post=1745"}],"version-history":[{"count":34,"href":"https:\/\/amorensintonia.es\/index.php\/wp-json\/wp\/v2\/pages\/1745\/revisions"}],"predecessor-version":[{"id":2981,"href":"https:\/\/amorensintonia.es\/index.php\/wp-json\/wp\/v2\/pages\/1745\/revisions\/2981"}],"wp:attachment":[{"href":"https:\/\/amorensintonia.es\/index.php\/wp-json\/wp\/v2\/media?parent=1745"}],"curies":[{"name":"wp","href":"https:\/\/api.w.org\/{rel}","templated":true}]}}